{"id":2228,"date":"2020-08-29T08:03:57","date_gmt":"2020-08-29T08:03:57","guid":{"rendered":"https:\/\/ldcellulose.com\/?page_id=2228"},"modified":"2024-11-28T06:29:09","modified_gmt":"2024-11-28T06:29:09","slug":"vaskemidler-oljefelt","status":"publish","type":"page","link":"https:\/\/ldcellulose.com\/nb\/bruksomrade-og-bransje\/vaskemidler-oljefelt\/","title":{"rendered":"Vaskemidler, skj\u00f8nnhetspleie og personlig pleie"},"content":{"rendered":"<div data-elementor-type=\"wp-page\" data-elementor-id=\"2228\" class=\"elementor elementor-2228\">\n\t\t\t\t\t\t<section class=\"elementor-section elementor-top-section elementor-element elementor-element-9b71630 elementor-section-height-min-height elementor-section-boxed elementor-section-height-default elementor-section-items-middle\" data-id=\"9b71630\" data-element_type=\"section\" data-settings=\"{&quot;background_background&quot;:&quot;classic&quot;,&quot;ekit_has_onepagescroll_dot&quot;:&quot;yes&quot;}\">\n\t\t\t\t\t\t\t<div class=\"elementor-background-overlay\"><\/div>\n\t\t\t\t\t\t\t<div class=\"elementor-container elementor-column-gap-no\">\n\t\t\t\t\t<div class=\"elementor-column elementor-col-50 elementor-top-column elementor-element elementor-element-bdf77b5\" data-id=\"bdf77b5\" data-element_type=\"column\">\n\t\t\t<div class=\"elementor-widget-wrap elementor-element-populated\">\n\t\t\t\t\t\t<div class=\"elementor-element elementor-element-0d797e5 elementor-widget elementor-widget-elementskit-heading\" data-id=\"0d797e5\" data-element_type=\"widget\" data-settings=\"{&quot;ekit_we_effect_on&quot;:&quot;none&quot;}\" data-widget_type=\"elementskit-heading.default\">\n\t\t\t\t<div class=\"elementor-widget-container\">\n\t\t\t\t\t<div class=\"ekit-wid-con\" ><div class=\"ekit-heading elementskit-section-title-wraper text_left   ekit_heading_tablet-text_center   ekit_heading_mobile-\"><h1 class=\"ekit-heading--title elementskit-section-title\">Vaskemidler, skj\u00f8nnhetspleie og personlig pleie<\/h1>\t\t\t\t<div class='ekit-heading__description'>\n\t\t\t\t\t<p>Vi tilbyr h\u00f8ytytende ingredienser som gj\u00f8r det mulig for formulatorer \u00e5 skape tryggere og mer b\u00e6rekraftige l\u00f8sninger for rengj\u00f8ringsprodukter til husholdninger, industri og institusjoner. Utforsk v\u00e5r b\u00e6rekraftige portef\u00f8lje for fargekosmetikk, h\u00e5r-, hud- og solpleieprodukter.<\/p>\n\t\t\t\t<\/div>\n\t\t\t<\/div><\/div>\t\t\t\t<\/div>\n\t\t\t\t<\/div>\n\t\t\t\t\t<\/div>\n\t\t<\/div>\n\t\t\t\t<div class=\"elementor-column elementor-col-50 elementor-top-column elementor-element elementor-element-6ff09fb\" data-id=\"6ff09fb\" data-element_type=\"column\">\n\t\t\t<div class=\"elementor-widget-wrap elementor-element-populated\">\n\t\t\t\t\t\t<div class=\"elementor-element elementor-element-cb0b595 elementor-widget elementor-widget-image\" data-id=\"cb0b595\" data-element_type=\"widget\" data-settings=\"{&quot;ekit_we_effect_on&quot;:&quot;none&quot;}\" data-widget_type=\"image.default\">\n\t\t\t\t<div class=\"elementor-widget-container\">\n\t\t\t\t\t\t\t\t\t\t\t\t\t\t\t<img fetchpriority=\"high\" decoding=\"async\" width=\"1024\" height=\"682\" src=\"https:\/\/ldcellulose.com\/wp-content\/uploads\/2024\/11\/skincare-women-beauty-hygiene-and-personal-care-concept-close-up-of-beautiful-asian-female-1024x682.jpg\" class=\"attachment-large size-large wp-image-3626\" alt=\"Hudpleie, kvinners skj\u00f8nnhet, hygiene og personlig pleie konsept. N\u00e6rbilde av en vakker asiatisk kvinne\" srcset=\"https:\/\/ldcellulose.com\/wp-content\/uploads\/2024\/11\/skincare-women-beauty-hygiene-and-personal-care-concept-close-up-of-beautiful-asian-female-1024x682.jpg 1024w, https:\/\/ldcellulose.com\/wp-content\/uploads\/2024\/11\/skincare-women-beauty-hygiene-and-personal-care-concept-close-up-of-beautiful-asian-female-300x200.jpg 300w, https:\/\/ldcellulose.com\/wp-content\/uploads\/2024\/11\/skincare-women-beauty-hygiene-and-personal-care-concept-close-up-of-beautiful-asian-female-768x512.jpg 768w, https:\/\/ldcellulose.com\/wp-content\/uploads\/2024\/11\/skincare-women-beauty-hygiene-and-personal-care-concept-close-up-of-beautiful-asian-female-1536x1024.jpg 1536w, https:\/\/ldcellulose.com\/wp-content\/uploads\/2024\/11\/skincare-women-beauty-hygiene-and-personal-care-concept-close-up-of-beautiful-asian-female.jpg 2000w\" sizes=\"(max-width: 1024px) 100vw, 1024px\" \/>\t\t\t\t\t\t\t\t\t\t\t\t\t\t\t<\/div>\n\t\t\t\t<\/div>\n\t\t\t\t\t<\/div>\n\t\t<\/div>\n\t\t\t\t\t<\/div>\n\t\t<\/section>\n\t\t\t\t<section class=\"elementor-section elementor-top-section elementor-element elementor-element-c077737 elementor-section-boxed elementor-section-height-default elementor-section-height-default\" data-id=\"c077737\" data-element_type=\"section\" data-settings=\"{&quot;background_background&quot;:&quot;classic&quot;,&quot;ekit_has_onepagescroll_dot&quot;:&quot;yes&quot;}\">\n\t\t\t\t\t\t<div class=\"elementor-container elementor-column-gap-no\">\n\t\t\t\t\t<div class=\"elementor-column elementor-col-100 elementor-top-column elementor-element elementor-element-2d3d92b\" data-id=\"2d3d92b\" data-element_type=\"column\">\n\t\t\t<div class=\"elementor-widget-wrap elementor-element-populated\">\n\t\t\t\t\t\t<section class=\"elementor-section elementor-inner-section elementor-element elementor-element-1edf33e elementor-section-boxed elementor-section-height-default elementor-section-height-default\" data-id=\"1edf33e\" data-element_type=\"section\" data-settings=\"{&quot;ekit_has_onepagescroll_dot&quot;:&quot;yes&quot;}\">\n\t\t\t\t\t\t<div class=\"elementor-container elementor-column-gap-no\">\n\t\t\t\t\t<div class=\"elementor-column elementor-col-33 elementor-inner-column elementor-element elementor-element-8726956\" data-id=\"8726956\" data-element_type=\"column\" data-settings=\"{&quot;background_background&quot;:&quot;gradient&quot;}\">\n\t\t\t<div class=\"elementor-widget-wrap elementor-element-populated\">\n\t\t\t\t\t\t<div class=\"elementor-element elementor-element-377ee55 elementor-widget elementor-widget-image\" data-id=\"377ee55\" data-element_type=\"widget\" data-settings=\"{&quot;ekit_we_effect_on&quot;:&quot;none&quot;}\" data-widget_type=\"image.default\">\n\t\t\t\t<div class=\"elementor-widget-container\">\n\t\t\t\t\t\t\t\t\t\t\t\t\t\t\t<img decoding=\"async\" width=\"1024\" height=\"669\" src=\"https:\/\/ldcellulose.com\/wp-content\/uploads\/2024\/11\/shot-of-a-young-man-cleaning-a-surface-with-a-child-at-home-1024x669.jpg\" class=\"attachment-large size-large wp-image-3632\" alt=\"Bilde av en ung mann som rengj\u00f8r en flate sammen med et barn i hjemmet\" srcset=\"https:\/\/ldcellulose.com\/wp-content\/uploads\/2024\/11\/shot-of-a-young-man-cleaning-a-surface-with-a-child-at-home-1024x669.jpg 1024w, https:\/\/ldcellulose.com\/wp-content\/uploads\/2024\/11\/shot-of-a-young-man-cleaning-a-surface-with-a-child-at-home-300x196.jpg 300w, https:\/\/ldcellulose.com\/wp-content\/uploads\/2024\/11\/shot-of-a-young-man-cleaning-a-surface-with-a-child-at-home-768x502.jpg 768w, https:\/\/ldcellulose.com\/wp-content\/uploads\/2024\/11\/shot-of-a-young-man-cleaning-a-surface-with-a-child-at-home-1536x1003.jpg 1536w, https:\/\/ldcellulose.com\/wp-content\/uploads\/2024\/11\/shot-of-a-young-man-cleaning-a-surface-with-a-child-at-home.jpg 2000w\" sizes=\"(max-width: 1024px) 100vw, 1024px\" \/>\t\t\t\t\t\t\t\t\t\t\t\t\t\t\t<\/div>\n\t\t\t\t<\/div>\n\t\t\t\t<div class=\"elementor-element elementor-element-215a932 elementor-widget elementor-widget-heading\" data-id=\"215a932\" data-element_type=\"widget\" data-settings=\"{&quot;ekit_we_effect_on&quot;:&quot;none&quot;}\" data-widget_type=\"heading.default\">\n\t\t\t\t<div class=\"elementor-widget-container\">\n\t\t\t\t\t<h5 class=\"elementor-heading-title elementor-size-default\">Rengj\u00f8ring i hjemmet<\/h5>\t\t\t\t<\/div>\n\t\t\t\t<\/div>\n\t\t\t\t<div class=\"elementor-element elementor-element-2636c26 elementor-widget elementor-widget-text-editor\" data-id=\"2636c26\" data-element_type=\"widget\" data-settings=\"{&quot;ekit_we_effect_on&quot;:&quot;none&quot;}\" data-widget_type=\"text-editor.default\">\n\t\t\t\t<div class=\"elementor-widget-container\">\n\t\t\t\t\t\t\t\t\tLANDU er en ledende produsent av HPMC for rengj\u00f8ringsmidler til hjemmet. V\u00e5re produkter av topp kvalitet kan fungere i:\n\n\t\t\t\t\t\t\t\t<\/div>\n\t\t\t\t<\/div>\n\t\t\t\t<div class=\"elementor-element elementor-element-f633f1e elementor-widget elementor-widget-button\" data-id=\"f633f1e\" data-element_type=\"widget\" data-settings=\"{&quot;ekit_we_effect_on&quot;:&quot;none&quot;}\" data-widget_type=\"button.default\">\n\t\t\t\t<div class=\"elementor-widget-container\">\n\t\t\t\t\t\t\t\t\t<div class=\"elementor-button-wrapper\">\n\t\t\t\t\t<a class=\"elementor-button elementor-button-link elementor-size-sm elementor-animation-grow\" href=\"https:\/\/ldcellulose.com\/nb\/hpmc-for-rengjoring-i-hjemmetjenesten\/\">\n\t\t\t\t\t\t<span class=\"elementor-button-content-wrapper\">\n\t\t\t\t\t\t<span class=\"elementor-button-icon\">\n\t\t\t\t<i aria-hidden=\"true\" class=\"fas fa-plus\"><\/i>\t\t\t<\/span>\n\t\t\t\t\t\t\t\t<\/span>\n\t\t\t\t\t<\/a>\n\t\t\t\t<\/div>\n\t\t\t\t\t\t\t\t<\/div>\n\t\t\t\t<\/div>\n\t\t\t\t\t<\/div>\n\t\t<\/div>\n\t\t\t\t<div class=\"elementor-column elementor-col-33 elementor-inner-column elementor-element elementor-element-aaae96f\" data-id=\"aaae96f\" data-element_type=\"column\" data-settings=\"{&quot;background_background&quot;:&quot;gradient&quot;}\">\n\t\t\t<div class=\"elementor-widget-wrap elementor-element-populated\">\n\t\t\t\t\t\t<div class=\"elementor-element elementor-element-dd28690 elementor-widget elementor-widget-image\" data-id=\"dd28690\" data-element_type=\"widget\" data-settings=\"{&quot;ekit_we_effect_on&quot;:&quot;none&quot;}\" data-widget_type=\"image.default\">\n\t\t\t\t<div class=\"elementor-widget-container\">\n\t\t\t\t\t\t\t\t\t\t\t\t\t\t\t<img decoding=\"async\" width=\"1024\" height=\"682\" src=\"https:\/\/ldcellulose.com\/wp-content\/uploads\/2024\/11\/satisfied-young-caucasian-woman-cares-of-her-beauty-applies-lotion-cream-on-face-1024x682.jpg\" class=\"attachment-large size-large wp-image-3633\" alt=\"Forn\u00f8yd ung kaukasisk kvinne tar vare p\u00e5 skj\u00f8nnheten sin, sm\u00f8rer lotionkrem i ansiktet\" srcset=\"https:\/\/ldcellulose.com\/wp-content\/uploads\/2024\/11\/satisfied-young-caucasian-woman-cares-of-her-beauty-applies-lotion-cream-on-face-1024x682.jpg 1024w, https:\/\/ldcellulose.com\/wp-content\/uploads\/2024\/11\/satisfied-young-caucasian-woman-cares-of-her-beauty-applies-lotion-cream-on-face-300x200.jpg 300w, https:\/\/ldcellulose.com\/wp-content\/uploads\/2024\/11\/satisfied-young-caucasian-woman-cares-of-her-beauty-applies-lotion-cream-on-face-768x512.jpg 768w, https:\/\/ldcellulose.com\/wp-content\/uploads\/2024\/11\/satisfied-young-caucasian-woman-cares-of-her-beauty-applies-lotion-cream-on-face-1536x1024.jpg 1536w, https:\/\/ldcellulose.com\/wp-content\/uploads\/2024\/11\/satisfied-young-caucasian-woman-cares-of-her-beauty-applies-lotion-cream-on-face.jpg 2000w\" sizes=\"(max-width: 1024px) 100vw, 1024px\" \/>\t\t\t\t\t\t\t\t\t\t\t\t\t\t\t<\/div>\n\t\t\t\t<\/div>\n\t\t\t\t<div class=\"elementor-element elementor-element-3832249 elementor-widget elementor-widget-heading\" data-id=\"3832249\" data-element_type=\"widget\" data-settings=\"{&quot;ekit_we_effect_on&quot;:&quot;none&quot;}\" data-widget_type=\"heading.default\">\n\t\t\t\t<div class=\"elementor-widget-container\">\n\t\t\t\t\t<h5 class=\"elementor-heading-title elementor-size-default\">L\u00f8sninger for personlig pleie\n<\/h5>\t\t\t\t<\/div>\n\t\t\t\t<\/div>\n\t\t\t\t<div class=\"elementor-element elementor-element-b78cfca elementor-widget elementor-widget-text-editor\" data-id=\"b78cfca\" data-element_type=\"widget\" data-settings=\"{&quot;ekit_we_effect_on&quot;:&quot;none&quot;}\" data-widget_type=\"text-editor.default\">\n\t\t\t\t<div class=\"elementor-widget-container\">\n\t\t\t\t\t\t\t\t\tUtvikler innovative og effektive h\u00e5r- og hudpleieprodukter med b\u00e6rekraftige ingredienser som opprettholder h\u00f8y\t\t\t\t\t\t\t\t<\/div>\n\t\t\t\t<\/div>\n\t\t\t\t<div class=\"elementor-element elementor-element-2f2b114 elementor-widget elementor-widget-button\" data-id=\"2f2b114\" data-element_type=\"widget\" data-settings=\"{&quot;ekit_we_effect_on&quot;:&quot;none&quot;}\" data-widget_type=\"button.default\">\n\t\t\t\t<div class=\"elementor-widget-container\">\n\t\t\t\t\t\t\t\t\t<div class=\"elementor-button-wrapper\">\n\t\t\t\t\t<a class=\"elementor-button elementor-button-link elementor-size-sm elementor-animation-grow\" href=\"https:\/\/ldcellulose.com\/nb\/hpmc-for-losninger-for-personlig-pleie\/\">\n\t\t\t\t\t\t<span class=\"elementor-button-content-wrapper\">\n\t\t\t\t\t\t<span class=\"elementor-button-icon\">\n\t\t\t\t<i aria-hidden=\"true\" class=\"fas fa-plus\"><\/i>\t\t\t<\/span>\n\t\t\t\t\t\t\t\t<\/span>\n\t\t\t\t\t<\/a>\n\t\t\t\t<\/div>\n\t\t\t\t\t\t\t\t<\/div>\n\t\t\t\t<\/div>\n\t\t\t\t\t<\/div>\n\t\t<\/div>\n\t\t\t\t<div class=\"elementor-column elementor-col-33 elementor-inner-column elementor-element elementor-element-48d421a\" data-id=\"48d421a\" data-element_type=\"column\" data-settings=\"{&quot;background_background&quot;:&quot;classic&quot;}\">\n\t\t\t<div class=\"elementor-widget-wrap elementor-element-populated\">\n\t\t\t\t\t\t<div class=\"elementor-element elementor-element-3e434ab elementor-widget elementor-widget-heading\" data-id=\"3e434ab\" data-element_type=\"widget\" data-settings=\"{&quot;ekit_we_effect_on&quot;:&quot;none&quot;}\" data-widget_type=\"heading.default\">\n\t\t\t\t<div class=\"elementor-widget-container\">\n\t\t\t\t\t<h5 class=\"elementor-heading-title elementor-size-default\">Du kan ogs\u00e5 gj\u00f8re en foresp\u00f8rsel og f\u00e5 gratis pr\u00f8ver fra oss\n<\/h5>\t\t\t\t<\/div>\n\t\t\t\t<\/div>\n\t\t\t\t<div class=\"elementor-element elementor-element-d363e54 elementor-align-center elementor-widget elementor-widget-button\" data-id=\"d363e54\" data-element_type=\"widget\" data-settings=\"{&quot;ekit_we_effect_on&quot;:&quot;none&quot;}\" data-widget_type=\"button.default\">\n\t\t\t\t<div class=\"elementor-widget-container\">\n\t\t\t\t\t\t\t\t\t<div class=\"elementor-button-wrapper\">\n\t\t\t\t\t<a class=\"elementor-button elementor-button-link elementor-size-sm\" href=\"#elementor-action%3Aaction%3Dpopup%3Aopen%26settings%3DeyJpZCI6IjM2MDEiLCJ0b2dnbGUiOmZhbHNlfQ%3D%3D\">\n\t\t\t\t\t\t<span class=\"elementor-button-content-wrapper\">\n\t\t\t\t\t\t\t\t\t<span class=\"elementor-button-text\">Kontakt oss<\/span>\n\t\t\t\t\t<\/span>\n\t\t\t\t\t<\/a>\n\t\t\t\t<\/div>\n\t\t\t\t\t\t\t\t<\/div>\n\t\t\t\t<\/div>\n\t\t\t\t\t<\/div>\n\t\t<\/div>\n\t\t\t\t\t<\/div>\n\t\t<\/section>\n\t\t\t\t\t<\/div>\n\t\t<\/div>\n\t\t\t\t\t<\/div>\n\t\t<\/section>\n\t\t\t\t<\/div>","protected":false},"excerpt":{"rendered":"<p>Mercy Law Professional Singer Lorem ipsum dolor sit amet, consectetur adipisicing elit, sed do eiusmod tempor incididunt ut labore et dolore magna aliqua. Ut enim ad minim veniam, quis nostrud exercitation ullamco laboris nisi ut aliquip ex ea commodo consequat. Duis aute irure dolor in reprehenderit. Live konsert - New York, 2020 Kj\u00f8p billetter Biografi ...<\/p>\n<p class=\"read-more\"> <a class=\"\" href=\"https:\/\/websitedemos.net\/musician-02\/\"> <span class=\"screen-reader-text\">Hjem<\/span> Les mer \"<\/a><\/p>","protected":false},"author":1,"featured_media":0,"parent":2222,"menu_order":0,"comment_status":"closed","ping_status":"closed","template":"","meta":{"site-sidebar-layout":"no-sidebar","site-content-layout":"page-builder","ast-site-content-layout":"","site-content-style":"default","site-sidebar-style":"default","ast-global-header-display":"","ast-banner-title-visibility":"","ast-main-header-display":"","ast-hfb-above-header-display":"","ast-hfb-below-header-display":"","ast-hfb-mobile-header-display":"","site-post-title":"disabled","ast-breadcrumbs-content":"disabled","ast-featured-img":"disabled","footer-sml-layout":"","theme-transparent-header-meta":"enabled","adv-header-id-meta":"","stick-header-meta":"","header-above-stick-meta":"","header-main-stick-meta":"","header-below-stick-meta":"","astra-migrate-meta-layouts":"default","ast-page-background-enabled":"default","ast-page-background-meta":{"desktop":{"background-color":"var(--ast-global-color-4)","background-image":"","background-repeat":"repeat","background-position":"center center","background-size":"auto","background-attachment":"scroll","background-type":"","background-media":"","overlay-type":"","overlay-color":"","overlay-opacity":"","overlay-gradient":""},"tablet":{"background-color":"","background-image":"","background-repeat":"repeat","background-position":"center center","background-size":"auto","background-attachment":"scroll","background-type":"","background-media":"","overlay-type":"","overlay-color":"","overlay-opacity":"","overlay-gradient":""},"mobile":{"background-color":"","background-image":"","background-repeat":"repeat","background-position":"center center","background-size":"auto","background-attachment":"scroll","background-type":"","background-media":"","overlay-type":"","overlay-color":"","overlay-opacity":"","overlay-gradient":""}},"ast-content-background-meta":{"desktop":{"background-color":"var(--ast-global-color-5)","background-image":"","background-repeat":"repeat","background-position":"center center","background-size":"auto","background-attachment":"scroll","background-type":"","background-media":"","overlay-type":"","overlay-color":"","overlay-opacity":"","overlay-gradient":""},"tablet":{"background-color":"var(--ast-global-color-5)","background-image":"","background-repeat":"repeat","background-position":"center center","background-size":"auto","background-attachment":"scroll","background-type":"","background-media":"","overlay-type":"","overlay-color":"","overlay-opacity":"","overlay-gradient":""},"mobile":{"background-color":"var(--ast-global-color-5)","background-image":"","background-repeat":"repeat","background-position":"center center","background-size":"auto","background-attachment":"scroll","background-type":"","background-media":"","overlay-type":"","overlay-color":"","overlay-opacity":"","overlay-gradient":""}},"footnotes":""},"class_list":["post-2228","page","type-page","status-publish","hentry"],"_links":{"self":[{"href":"https:\/\/ldcellulose.com\/nb\/wp-json\/wp\/v2\/pages\/2228","targetHints":{"allow":["GET"]}}],"collection":[{"href":"https:\/\/ldcellulose.com\/nb\/wp-json\/wp\/v2\/pages"}],"about":[{"href":"https:\/\/ldcellulose.com\/nb\/wp-json\/wp\/v2\/types\/page"}],"author":[{"embeddable":true,"href":"https:\/\/ldcellulose.com\/nb\/wp-json\/wp\/v2\/users\/1"}],"replies":[{"embeddable":true,"href":"https:\/\/ldcellulose.com\/nb\/wp-json\/wp\/v2\/comments?post=2228"}],"version-history":[{"count":9,"href":"https:\/\/ldcellulose.com\/nb\/wp-json\/wp\/v2\/pages\/2228\/revisions"}],"predecessor-version":[{"id":6093,"href":"https:\/\/ldcellulose.com\/nb\/wp-json\/wp\/v2\/pages\/2228\/revisions\/6093"}],"up":[{"embeddable":true,"href":"https:\/\/ldcellulose.com\/nb\/wp-json\/wp\/v2\/pages\/2222"}],"wp:attachment":[{"href":"https:\/\/ldcellulose.com\/nb\/wp-json\/wp\/v2\/media?parent=2228"}],"curies":[{"name":"wp","href":"https:\/\/api.w.org\/{rel}","templated":true}]}}