{"id":3671,"date":"2024-11-16T06:40:52","date_gmt":"2024-11-16T06:40:52","guid":{"rendered":"https:\/\/ldcellulose.com\/?page_id=3671"},"modified":"2024-11-29T02:38:59","modified_gmt":"2024-11-29T02:38:59","slug":"tarpiniai-farmacijos-produktai","status":"publish","type":"page","link":"https:\/\/ldcellulose.com\/lt\/taikymas-ir-pramone\/tarpiniai-farmacijos-produktai\/","title":{"rendered":"Tarpiniai farmacijos produktai"},"content":{"rendered":"<div data-elementor-type=\"wp-page\" data-elementor-id=\"3671\" class=\"elementor elementor-3671\">\n\t\t\t\t\t\t<section class=\"elementor-section elementor-top-section elementor-element elementor-element-fc01f46 elementor-section-height-min-height elementor-section-boxed elementor-section-height-default elementor-section-items-middle\" data-id=\"fc01f46\" data-element_type=\"section\" data-settings=\"{&quot;background_background&quot;:&quot;classic&quot;,&quot;ekit_has_onepagescroll_dot&quot;:&quot;yes&quot;}\">\n\t\t\t\t\t\t\t<div class=\"elementor-background-overlay\"><\/div>\n\t\t\t\t\t\t\t<div class=\"elementor-container elementor-column-gap-no\">\n\t\t\t\t\t<div class=\"elementor-column elementor-col-50 elementor-top-column elementor-element elementor-element-34fbfab\" data-id=\"34fbfab\" data-element_type=\"column\">\n\t\t\t<div class=\"elementor-widget-wrap elementor-element-populated\">\n\t\t\t\t\t\t<div class=\"elementor-element elementor-element-5424733 elementor-widget__width-auto elementor-widget-divider--view-line elementor-widget elementor-widget-divider\" data-id=\"5424733\" data-element_type=\"widget\" data-settings=\"{&quot;ekit_we_effect_on&quot;:&quot;none&quot;}\" data-widget_type=\"divider.default\">\n\t\t\t\t<div class=\"elementor-widget-container\">\n\t\t\t\t\t\t\t<div class=\"elementor-divider\">\n\t\t\t<span class=\"elementor-divider-separator\">\n\t\t\t\t\t\t<\/span>\n\t\t<\/div>\n\t\t\t\t\t\t<\/div>\n\t\t\t\t<\/div>\n\t\t\t\t<div class=\"elementor-element elementor-element-d109056 elementor-widget elementor-widget-elementskit-heading\" data-id=\"d109056\" data-element_type=\"widget\" data-settings=\"{&quot;ekit_we_effect_on&quot;:&quot;none&quot;}\" data-widget_type=\"elementskit-heading.default\">\n\t\t\t\t<div class=\"elementor-widget-container\">\n\t\t\t\t\t<div class=\"ekit-wid-con\" ><div class=\"ekit-heading elementskit-section-title-wraper text_left   ekit_heading_tablet-text_center   ekit_heading_mobile-\"><h1 class=\"ekit-heading--title elementskit-section-title\">Farmacijos pramon\u0117<\/h1>\t\t\t\t<div class='ekit-heading__description'>\n\t\t\t\t\t<p>Gaminame \u012fvairius farmacijos produktams skirtus gaminius, laikydamiesi auk\u0161\u010diausi\u0173 tarptautini\u0173 standart\u0173 ir nuolat atlikdami gamini\u0173 bandymus, kad u\u017etikrintume j\u0173 atitikt\u012f.<\/p>\n\t\t\t\t<\/div>\n\t\t\t<\/div><\/div>\t\t\t\t<\/div>\n\t\t\t\t<\/div>\n\t\t\t\t\t<\/div>\n\t\t<\/div>\n\t\t\t\t<div class=\"elementor-column elementor-col-50 elementor-top-column elementor-element elementor-element-33a28f6\" data-id=\"33a28f6\" data-element_type=\"column\">\n\t\t\t<div class=\"elementor-widget-wrap elementor-element-populated\">\n\t\t\t\t\t\t<div class=\"elementor-element elementor-element-cfcf785 elementor-widget elementor-widget-image\" data-id=\"cfcf785\" data-element_type=\"widget\" data-settings=\"{&quot;ekit_we_effect_on&quot;:&quot;none&quot;}\" data-widget_type=\"image.default\">\n\t\t\t\t<div class=\"elementor-widget-container\">\n\t\t\t\t\t\t\t\t\t\t\t\t\t\t\t<img fetchpriority=\"high\" decoding=\"async\" width=\"1024\" height=\"682\" src=\"https:\/\/ldcellulose.com\/wp-content\/uploads\/2024\/11\/doctor-woman-with-tablets-of-pills-1024x682.jpg\" class=\"attachment-large size-large wp-image-3641\" alt=\"Gydytoja moteris su tablet\u0117mis\" srcset=\"https:\/\/ldcellulose.com\/wp-content\/uploads\/2024\/11\/doctor-woman-with-tablets-of-pills-1024x682.jpg 1024w, https:\/\/ldcellulose.com\/wp-content\/uploads\/2024\/11\/doctor-woman-with-tablets-of-pills-300x200.jpg 300w, https:\/\/ldcellulose.com\/wp-content\/uploads\/2024\/11\/doctor-woman-with-tablets-of-pills-768x512.jpg 768w, https:\/\/ldcellulose.com\/wp-content\/uploads\/2024\/11\/doctor-woman-with-tablets-of-pills-1536x1024.jpg 1536w, https:\/\/ldcellulose.com\/wp-content\/uploads\/2024\/11\/doctor-woman-with-tablets-of-pills.jpg 2000w\" sizes=\"(max-width: 1024px) 100vw, 1024px\" \/>\t\t\t\t\t\t\t\t\t\t\t\t\t\t\t<\/div>\n\t\t\t\t<\/div>\n\t\t\t\t\t<\/div>\n\t\t<\/div>\n\t\t\t\t\t<\/div>\n\t\t<\/section>\n\t\t\t\t<section class=\"elementor-section elementor-top-section elementor-element elementor-element-46b4b8f elementor-section-boxed elementor-section-height-default elementor-section-height-default\" data-id=\"46b4b8f\" data-element_type=\"section\" data-settings=\"{&quot;background_background&quot;:&quot;classic&quot;,&quot;ekit_has_onepagescroll_dot&quot;:&quot;yes&quot;}\">\n\t\t\t\t\t\t<div class=\"elementor-container elementor-column-gap-no\">\n\t\t\t\t\t<div class=\"elementor-column elementor-col-100 elementor-top-column elementor-element elementor-element-42f981e\" data-id=\"42f981e\" data-element_type=\"column\">\n\t\t\t<div class=\"elementor-widget-wrap elementor-element-populated\">\n\t\t\t\t\t\t<section class=\"elementor-section elementor-inner-section elementor-element elementor-element-94e77d2 elementor-section-boxed elementor-section-height-default elementor-section-height-default\" data-id=\"94e77d2\" data-element_type=\"section\" data-settings=\"{&quot;ekit_has_onepagescroll_dot&quot;:&quot;yes&quot;}\">\n\t\t\t\t\t\t<div class=\"elementor-container elementor-column-gap-no\">\n\t\t\t\t\t<div class=\"elementor-column elementor-col-33 elementor-inner-column elementor-element elementor-element-a06176e\" data-id=\"a06176e\" data-element_type=\"column\" data-settings=\"{&quot;background_background&quot;:&quot;gradient&quot;}\">\n\t\t\t<div class=\"elementor-widget-wrap elementor-element-populated\">\n\t\t\t\t\t\t<div class=\"elementor-element elementor-element-df8bb1d elementor-widget elementor-widget-image\" data-id=\"df8bb1d\" data-element_type=\"widget\" data-settings=\"{&quot;ekit_we_effect_on&quot;:&quot;none&quot;}\" data-widget_type=\"image.default\">\n\t\t\t\t<div class=\"elementor-widget-container\">\n\t\t\t\t\t\t\t\t\t\t\t\t\t\t\t<img decoding=\"async\" width=\"1024\" height=\"682\" src=\"https:\/\/ldcellulose.com\/wp-content\/uploads\/2024\/11\/assorted-pills-and-tablets-top-border-over-colored-background-many-different-pills-1024x682.jpg\" class=\"attachment-large size-large wp-image-3642\" alt=\"\u012fvairios tablet\u0117s ir tablet\u0117s vir\u0161utin\u0117 riba vir\u0161 spalvoto fono. Daug \u012fvairi\u0173 table\u010di\u0173\" srcset=\"https:\/\/ldcellulose.com\/wp-content\/uploads\/2024\/11\/assorted-pills-and-tablets-top-border-over-colored-background-many-different-pills-1024x682.jpg 1024w, https:\/\/ldcellulose.com\/wp-content\/uploads\/2024\/11\/assorted-pills-and-tablets-top-border-over-colored-background-many-different-pills-300x200.jpg 300w, https:\/\/ldcellulose.com\/wp-content\/uploads\/2024\/11\/assorted-pills-and-tablets-top-border-over-colored-background-many-different-pills-768x512.jpg 768w, https:\/\/ldcellulose.com\/wp-content\/uploads\/2024\/11\/assorted-pills-and-tablets-top-border-over-colored-background-many-different-pills-1536x1024.jpg 1536w, https:\/\/ldcellulose.com\/wp-content\/uploads\/2024\/11\/assorted-pills-and-tablets-top-border-over-colored-background-many-different-pills.jpg 2000w\" sizes=\"(max-width: 1024px) 100vw, 1024px\" \/>\t\t\t\t\t\t\t\t\t\t\t\t\t\t\t<\/div>\n\t\t\t\t<\/div>\n\t\t\t\t<div class=\"elementor-element elementor-element-aecef1a elementor-widget elementor-widget-heading\" data-id=\"aecef1a\" data-element_type=\"widget\" data-settings=\"{&quot;ekit_we_effect_on&quot;:&quot;none&quot;}\" data-widget_type=\"heading.default\">\n\t\t\t\t<div class=\"elementor-widget-container\">\n\t\t\t\t\t<h5 class=\"elementor-heading-title elementor-size-default\">Pagalbin\u0117s med\u017eiagos<\/h5>\t\t\t\t<\/div>\n\t\t\t\t<\/div>\n\t\t\t\t<div class=\"elementor-element elementor-element-2b14f0b elementor-widget elementor-widget-button\" data-id=\"2b14f0b\" data-element_type=\"widget\" data-settings=\"{&quot;ekit_we_effect_on&quot;:&quot;none&quot;}\" data-widget_type=\"button.default\">\n\t\t\t\t<div class=\"elementor-widget-container\">\n\t\t\t\t\t\t\t\t\t<div class=\"elementor-button-wrapper\">\n\t\t\t\t\t<a class=\"elementor-button elementor-button-link elementor-size-sm elementor-animation-grow\" href=\"https:\/\/ldcellulose.com\/lt\/pagalbines-farmacines-medziagos\/\" target=\"_blank\">\n\t\t\t\t\t\t<span class=\"elementor-button-content-wrapper\">\n\t\t\t\t\t\t<span class=\"elementor-button-icon\">\n\t\t\t\t<i aria-hidden=\"true\" class=\"fas fa-plus\"><\/i>\t\t\t<\/span>\n\t\t\t\t\t\t\t\t<\/span>\n\t\t\t\t\t<\/a>\n\t\t\t\t<\/div>\n\t\t\t\t\t\t\t\t<\/div>\n\t\t\t\t<\/div>\n\t\t\t\t\t<\/div>\n\t\t<\/div>\n\t\t\t\t<div class=\"elementor-column elementor-col-33 elementor-inner-column elementor-element elementor-element-de09a0b\" data-id=\"de09a0b\" data-element_type=\"column\" data-settings=\"{&quot;background_background&quot;:&quot;gradient&quot;}\">\n\t\t\t<div class=\"elementor-widget-wrap elementor-element-populated\">\n\t\t\t\t\t\t<div class=\"elementor-element elementor-element-66b91b2 elementor-widget elementor-widget-image\" data-id=\"66b91b2\" data-element_type=\"widget\" data-settings=\"{&quot;ekit_we_effect_on&quot;:&quot;none&quot;}\" data-widget_type=\"image.default\">\n\t\t\t\t<div class=\"elementor-widget-container\">\n\t\t\t\t\t\t\t\t\t\t\t\t\t\t\t<img decoding=\"async\" width=\"1024\" height=\"682\" src=\"https:\/\/ldcellulose.com\/wp-content\/uploads\/2024\/11\/researcher-doing-research-and-development-in-scientific-laboratory-1024x682.jpg\" class=\"attachment-large size-large wp-image-3643\" alt=\"Tyr\u0117jas, atliekantis mokslinius tyrimus ir pl\u0117tr\u0105 mokslin\u0117je laboratorijoje\" srcset=\"https:\/\/ldcellulose.com\/wp-content\/uploads\/2024\/11\/researcher-doing-research-and-development-in-scientific-laboratory-1024x682.jpg 1024w, https:\/\/ldcellulose.com\/wp-content\/uploads\/2024\/11\/researcher-doing-research-and-development-in-scientific-laboratory-300x200.jpg 300w, https:\/\/ldcellulose.com\/wp-content\/uploads\/2024\/11\/researcher-doing-research-and-development-in-scientific-laboratory-768x512.jpg 768w, https:\/\/ldcellulose.com\/wp-content\/uploads\/2024\/11\/researcher-doing-research-and-development-in-scientific-laboratory-1536x1024.jpg 1536w, https:\/\/ldcellulose.com\/wp-content\/uploads\/2024\/11\/researcher-doing-research-and-development-in-scientific-laboratory.jpg 2000w\" sizes=\"(max-width: 1024px) 100vw, 1024px\" \/>\t\t\t\t\t\t\t\t\t\t\t\t\t\t\t<\/div>\n\t\t\t\t<\/div>\n\t\t\t\t<div class=\"elementor-element elementor-element-a9e5e22 elementor-widget elementor-widget-heading\" data-id=\"a9e5e22\" data-element_type=\"widget\" data-settings=\"{&quot;ekit_we_effect_on&quot;:&quot;none&quot;}\" data-widget_type=\"heading.default\">\n\t\t\t\t<div class=\"elementor-widget-container\">\n\t\t\t\t\t<h5 class=\"elementor-heading-title elementor-size-default\">Veikliosios farmacin\u0117s med\u017eiagos\n<\/h5>\t\t\t\t<\/div>\n\t\t\t\t<\/div>\n\t\t\t\t<div class=\"elementor-element elementor-element-a077f6d elementor-widget elementor-widget-button\" data-id=\"a077f6d\" data-element_type=\"widget\" data-settings=\"{&quot;ekit_we_effect_on&quot;:&quot;none&quot;}\" data-widget_type=\"button.default\">\n\t\t\t\t<div class=\"elementor-widget-container\">\n\t\t\t\t\t\t\t\t\t<div class=\"elementor-button-wrapper\">\n\t\t\t\t\t<a class=\"elementor-button elementor-button-link elementor-size-sm elementor-animation-grow\" href=\"https:\/\/ldcellulose.com\/lt\/veikliosios-farmacines-medziagos-apl\/\" target=\"_blank\">\n\t\t\t\t\t\t<span class=\"elementor-button-content-wrapper\">\n\t\t\t\t\t\t<span class=\"elementor-button-icon\">\n\t\t\t\t<i aria-hidden=\"true\" class=\"fas fa-plus\"><\/i>\t\t\t<\/span>\n\t\t\t\t\t\t\t\t<\/span>\n\t\t\t\t\t<\/a>\n\t\t\t\t<\/div>\n\t\t\t\t\t\t\t\t<\/div>\n\t\t\t\t<\/div>\n\t\t\t\t\t<\/div>\n\t\t<\/div>\n\t\t\t\t<div class=\"elementor-column elementor-col-33 elementor-inner-column elementor-element elementor-element-01ab841\" data-id=\"01ab841\" data-element_type=\"column\" data-settings=\"{&quot;background_background&quot;:&quot;gradient&quot;}\">\n\t\t\t<div class=\"elementor-widget-wrap elementor-element-populated\">\n\t\t\t\t\t\t<div class=\"elementor-element elementor-element-d23966e elementor-widget elementor-widget-image\" data-id=\"d23966e\" data-element_type=\"widget\" data-settings=\"{&quot;ekit_we_effect_on&quot;:&quot;none&quot;}\" data-widget_type=\"image.default\">\n\t\t\t\t<div class=\"elementor-widget-container\">\n\t\t\t\t\t\t\t\t\t\t\t\t\t\t\t<img loading=\"lazy\" decoding=\"async\" width=\"1024\" height=\"669\" src=\"https:\/\/ldcellulose.com\/wp-content\/uploads\/2024\/11\/pharmaceutical-capsules-with-medication-powder-medical-concept-1024x669.jpg\" class=\"attachment-large size-large wp-image-3644\" alt=\"Farmacin\u0117s kapsul\u0117s su vaist\u0173 milteliais. Medicinos koncepcija\" srcset=\"https:\/\/ldcellulose.com\/wp-content\/uploads\/2024\/11\/pharmaceutical-capsules-with-medication-powder-medical-concept-1024x669.jpg 1024w, https:\/\/ldcellulose.com\/wp-content\/uploads\/2024\/11\/pharmaceutical-capsules-with-medication-powder-medical-concept-300x196.jpg 300w, https:\/\/ldcellulose.com\/wp-content\/uploads\/2024\/11\/pharmaceutical-capsules-with-medication-powder-medical-concept-768x502.jpg 768w, https:\/\/ldcellulose.com\/wp-content\/uploads\/2024\/11\/pharmaceutical-capsules-with-medication-powder-medical-concept-1536x1003.jpg 1536w, https:\/\/ldcellulose.com\/wp-content\/uploads\/2024\/11\/pharmaceutical-capsules-with-medication-powder-medical-concept.jpg 2000w\" sizes=\"(max-width: 1024px) 100vw, 1024px\" \/>\t\t\t\t\t\t\t\t\t\t\t\t\t\t\t<\/div>\n\t\t\t\t<\/div>\n\t\t\t\t<div class=\"elementor-element elementor-element-139ff58 elementor-widget elementor-widget-heading\" data-id=\"139ff58\" data-element_type=\"widget\" data-settings=\"{&quot;ekit_we_effect_on&quot;:&quot;none&quot;}\" data-widget_type=\"heading.default\">\n\t\t\t\t<div class=\"elementor-widget-container\">\n\t\t\t\t\t<h5 class=\"elementor-heading-title elementor-size-default\">Farmacijos tarpiniai produktai<\/h5>\t\t\t\t<\/div>\n\t\t\t\t<\/div>\n\t\t\t\t<div class=\"elementor-element elementor-element-6eb45b5 elementor-widget elementor-widget-button\" data-id=\"6eb45b5\" data-element_type=\"widget\" data-settings=\"{&quot;ekit_we_effect_on&quot;:&quot;none&quot;}\" data-widget_type=\"button.default\">\n\t\t\t\t<div class=\"elementor-widget-container\">\n\t\t\t\t\t\t\t\t\t<div class=\"elementor-button-wrapper\">\n\t\t\t\t\t<a class=\"elementor-button elementor-button-link elementor-size-sm elementor-animation-grow\" href=\"https:\/\/ldcellulose.com\/lt\/tarpiniai-farmacijos-produktai\/\" target=\"_blank\">\n\t\t\t\t\t\t<span class=\"elementor-button-content-wrapper\">\n\t\t\t\t\t\t<span class=\"elementor-button-icon\">\n\t\t\t\t<i aria-hidden=\"true\" class=\"fas fa-plus\"><\/i>\t\t\t<\/span>\n\t\t\t\t\t\t\t\t<\/span>\n\t\t\t\t\t<\/a>\n\t\t\t\t<\/div>\n\t\t\t\t\t\t\t\t<\/div>\n\t\t\t\t<\/div>\n\t\t\t\t\t<\/div>\n\t\t<\/div>\n\t\t\t\t\t<\/div>\n\t\t<\/section>\n\t\t\t\t\t<\/div>\n\t\t<\/div>\n\t\t\t\t\t<\/div>\n\t\t<\/section>\n\t\t\t\t<\/div>","protected":false},"excerpt":{"rendered":"<p>Mercy Law Profesionalus dainininkas Lorem ipsum dolor sit amet, consectetur adipisicing elit, sed do eiusmod tempor incididunt ut labore et dolore magna aliqua. Ut enim ad minim veniam, quis nostrud exercitation ullamco laboris nisi ut aliquip ex ea commodo consequat. Duis aute irure dolor in reprehenderit. Koncertas gyvai - Niujorkas, 2020 m. Pirkti bilietus Biografija ...<\/p>\n<p class=\"read-more\"> <a class=\"\" href=\"https:\/\/websitedemos.net\/musician-02\/\"> <span class=\"screen-reader-text\">Pagrindinis<\/span> Skaityti daugiau \"<\/a><\/p>","protected":false},"author":1,"featured_media":0,"parent":2222,"menu_order":0,"comment_status":"closed","ping_status":"closed","template":"","meta":{"site-sidebar-layout":"no-sidebar","site-content-layout":"page-builder","ast-site-content-layout":"","site-content-style":"default","site-sidebar-style":"default","ast-global-header-display":"","ast-banner-title-visibility":"","ast-main-header-display":"","ast-hfb-above-header-display":"","ast-hfb-below-header-display":"","ast-hfb-mobile-header-display":"","site-post-title":"disabled","ast-breadcrumbs-content":"disabled","ast-featured-img":"disabled","footer-sml-layout":"","theme-transparent-header-meta":"enabled","adv-header-id-meta":"","stick-header-meta":"","header-above-stick-meta":"","header-main-stick-meta":"","header-below-stick-meta":"","astra-migrate-meta-layouts":"default","ast-page-background-enabled":"default","ast-page-background-meta":{"desktop":{"background-color":"var(--ast-global-color-4)","background-image":"","background-repeat":"repeat","background-position":"center center","background-size":"auto","background-attachment":"scroll","background-type":"","background-media":"","overlay-type":"","overlay-color":"","overlay-opacity":"","overlay-gradient":""},"tablet":{"background-color":"","background-image":"","background-repeat":"repeat","background-position":"center center","background-size":"auto","background-attachment":"scroll","background-type":"","background-media":"","overlay-type":"","overlay-color":"","overlay-opacity":"","overlay-gradient":""},"mobile":{"background-color":"","background-image":"","background-repeat":"repeat","background-position":"center center","background-size":"auto","background-attachment":"scroll","background-type":"","background-media":"","overlay-type":"","overlay-color":"","overlay-opacity":"","overlay-gradient":""}},"ast-content-background-meta":{"desktop":{"background-color":"var(--ast-global-color-5)","background-image":"","background-repeat":"repeat","background-position":"center center","background-size":"auto","background-attachment":"scroll","background-type":"","background-media":"","overlay-type":"","overlay-color":"","overlay-opacity":"","overlay-gradient":""},"tablet":{"background-color":"var(--ast-global-color-5)","background-image":"","background-repeat":"repeat","background-position":"center center","background-size":"auto","background-attachment":"scroll","background-type":"","background-media":"","overlay-type":"","overlay-color":"","overlay-opacity":"","overlay-gradient":""},"mobile":{"background-color":"var(--ast-global-color-5)","background-image":"","background-repeat":"repeat","background-position":"center center","background-size":"auto","background-attachment":"scroll","background-type":"","background-media":"","overlay-type":"","overlay-color":"","overlay-opacity":"","overlay-gradient":""}},"footnotes":""},"class_list":["post-3671","page","type-page","status-publish","hentry"],"_links":{"self":[{"href":"https:\/\/ldcellulose.com\/lt\/wp-json\/wp\/v2\/pages\/3671","targetHints":{"allow":["GET"]}}],"collection":[{"href":"https:\/\/ldcellulose.com\/lt\/wp-json\/wp\/v2\/pages"}],"about":[{"href":"https:\/\/ldcellulose.com\/lt\/wp-json\/wp\/v2\/types\/page"}],"author":[{"embeddable":true,"href":"https:\/\/ldcellulose.com\/lt\/wp-json\/wp\/v2\/users\/1"}],"replies":[{"embeddable":true,"href":"https:\/\/ldcellulose.com\/lt\/wp-json\/wp\/v2\/comments?post=3671"}],"version-history":[{"count":8,"href":"https:\/\/ldcellulose.com\/lt\/wp-json\/wp\/v2\/pages\/3671\/revisions"}],"predecessor-version":[{"id":6268,"href":"https:\/\/ldcellulose.com\/lt\/wp-json\/wp\/v2\/pages\/3671\/revisions\/6268"}],"up":[{"embeddable":true,"href":"https:\/\/ldcellulose.com\/lt\/wp-json\/wp\/v2\/pages\/2222"}],"wp:attachment":[{"href":"https:\/\/ldcellulose.com\/lt\/wp-json\/wp\/v2\/media?parent=3671"}],"curies":[{"name":"wp","href":"https:\/\/api.w.org\/{rel}","templated":true}]}}