{"id":2228,"date":"2020-08-29T08:03:57","date_gmt":"2020-08-29T08:03:57","guid":{"rendered":"https:\/\/ldcellulose.com\/?page_id=2228"},"modified":"2024-11-28T06:29:09","modified_gmt":"2024-11-28T06:29:09","slug":"detergentes-campo-petrolifero","status":"publish","type":"page","link":"https:\/\/ldcellulose.com\/es_es\/aplicacion-e-industria\/detergentes-campo-petrolifero\/","title":{"rendered":"Detergentes, Belleza y Cuidado Personal"},"content":{"rendered":"<div data-elementor-type=\"wp-page\" data-elementor-id=\"2228\" class=\"elementor elementor-2228\">\n\t\t\t\t\t\t<section class=\"elementor-section elementor-top-section elementor-element elementor-element-9b71630 elementor-section-height-min-height elementor-section-boxed elementor-section-height-default elementor-section-items-middle\" data-id=\"9b71630\" data-element_type=\"section\" data-settings=\"{&quot;background_background&quot;:&quot;classic&quot;,&quot;ekit_has_onepagescroll_dot&quot;:&quot;yes&quot;}\">\n\t\t\t\t\t\t\t<div class=\"elementor-background-overlay\"><\/div>\n\t\t\t\t\t\t\t<div class=\"elementor-container elementor-column-gap-no\">\n\t\t\t\t\t<div class=\"elementor-column elementor-col-50 elementor-top-column elementor-element elementor-element-bdf77b5\" data-id=\"bdf77b5\" data-element_type=\"column\">\n\t\t\t<div class=\"elementor-widget-wrap elementor-element-populated\">\n\t\t\t\t\t\t<div class=\"elementor-element elementor-element-0d797e5 elementor-widget elementor-widget-elementskit-heading\" data-id=\"0d797e5\" data-element_type=\"widget\" data-settings=\"{&quot;ekit_we_effect_on&quot;:&quot;none&quot;}\" data-widget_type=\"elementskit-heading.default\">\n\t\t\t\t<div class=\"elementor-widget-container\">\n\t\t\t\t\t<div class=\"ekit-wid-con\" ><div class=\"ekit-heading elementskit-section-title-wraper text_left   ekit_heading_tablet-text_center   ekit_heading_mobile-\"><h1 class=\"ekit-heading--title elementskit-section-title\">Detergentes, Belleza y Cuidado Personal<\/h1>\t\t\t\t<div class='ekit-heading__description'>\n\t\t\t\t\t<p>Ofrecemos ingredientes de alto rendimiento que permiten a los formuladores crear soluciones m\u00e1s seguras y sostenibles para productos de limpieza dom\u00e9sticos, industriales e institucionales. Explore nuestra cartera sostenible para formulaciones de cosm\u00e9ticos de color, cabello, piel y protecci\u00f3n solar.<\/p>\n\t\t\t\t<\/div>\n\t\t\t<\/div><\/div>\t\t\t\t<\/div>\n\t\t\t\t<\/div>\n\t\t\t\t\t<\/div>\n\t\t<\/div>\n\t\t\t\t<div class=\"elementor-column elementor-col-50 elementor-top-column elementor-element elementor-element-6ff09fb\" data-id=\"6ff09fb\" data-element_type=\"column\">\n\t\t\t<div class=\"elementor-widget-wrap elementor-element-populated\">\n\t\t\t\t\t\t<div class=\"elementor-element elementor-element-cb0b595 elementor-widget elementor-widget-image\" data-id=\"cb0b595\" data-element_type=\"widget\" data-settings=\"{&quot;ekit_we_effect_on&quot;:&quot;none&quot;}\" data-widget_type=\"image.default\">\n\t\t\t\t<div class=\"elementor-widget-container\">\n\t\t\t\t\t\t\t\t\t\t\t\t\t\t\t<img fetchpriority=\"high\" decoding=\"async\" width=\"1024\" height=\"682\" src=\"https:\/\/ldcellulose.com\/wp-content\/uploads\/2024\/11\/skincare-women-beauty-hygiene-and-personal-care-concept-close-up-of-beautiful-asian-female-1024x682.jpg\" class=\"attachment-large size-large wp-image-3626\" alt=\"Concepto de cuidado de la piel, belleza femenina, higiene y cuidado personal. Primer plano de hermosa mujer asi\u00e1tica\" srcset=\"https:\/\/ldcellulose.com\/wp-content\/uploads\/2024\/11\/skincare-women-beauty-hygiene-and-personal-care-concept-close-up-of-beautiful-asian-female-1024x682.jpg 1024w, https:\/\/ldcellulose.com\/wp-content\/uploads\/2024\/11\/skincare-women-beauty-hygiene-and-personal-care-concept-close-up-of-beautiful-asian-female-300x200.jpg 300w, https:\/\/ldcellulose.com\/wp-content\/uploads\/2024\/11\/skincare-women-beauty-hygiene-and-personal-care-concept-close-up-of-beautiful-asian-female-768x512.jpg 768w, https:\/\/ldcellulose.com\/wp-content\/uploads\/2024\/11\/skincare-women-beauty-hygiene-and-personal-care-concept-close-up-of-beautiful-asian-female-1536x1024.jpg 1536w, https:\/\/ldcellulose.com\/wp-content\/uploads\/2024\/11\/skincare-women-beauty-hygiene-and-personal-care-concept-close-up-of-beautiful-asian-female.jpg 2000w\" sizes=\"(max-width: 1024px) 100vw, 1024px\" \/>\t\t\t\t\t\t\t\t\t\t\t\t\t\t\t<\/div>\n\t\t\t\t<\/div>\n\t\t\t\t\t<\/div>\n\t\t<\/div>\n\t\t\t\t\t<\/div>\n\t\t<\/section>\n\t\t\t\t<section class=\"elementor-section elementor-top-section elementor-element elementor-element-c077737 elementor-section-boxed elementor-section-height-default elementor-section-height-default\" data-id=\"c077737\" data-element_type=\"section\" data-settings=\"{&quot;background_background&quot;:&quot;classic&quot;,&quot;ekit_has_onepagescroll_dot&quot;:&quot;yes&quot;}\">\n\t\t\t\t\t\t<div class=\"elementor-container elementor-column-gap-no\">\n\t\t\t\t\t<div class=\"elementor-column elementor-col-100 elementor-top-column elementor-element elementor-element-2d3d92b\" data-id=\"2d3d92b\" data-element_type=\"column\">\n\t\t\t<div class=\"elementor-widget-wrap elementor-element-populated\">\n\t\t\t\t\t\t<section class=\"elementor-section elementor-inner-section elementor-element elementor-element-1edf33e elementor-section-boxed elementor-section-height-default elementor-section-height-default\" data-id=\"1edf33e\" data-element_type=\"section\" data-settings=\"{&quot;ekit_has_onepagescroll_dot&quot;:&quot;yes&quot;}\">\n\t\t\t\t\t\t<div class=\"elementor-container elementor-column-gap-no\">\n\t\t\t\t\t<div class=\"elementor-column elementor-col-33 elementor-inner-column elementor-element elementor-element-8726956\" data-id=\"8726956\" data-element_type=\"column\" data-settings=\"{&quot;background_background&quot;:&quot;gradient&quot;}\">\n\t\t\t<div class=\"elementor-widget-wrap elementor-element-populated\">\n\t\t\t\t\t\t<div class=\"elementor-element elementor-element-377ee55 elementor-widget elementor-widget-image\" data-id=\"377ee55\" data-element_type=\"widget\" data-settings=\"{&quot;ekit_we_effect_on&quot;:&quot;none&quot;}\" data-widget_type=\"image.default\">\n\t\t\t\t<div class=\"elementor-widget-container\">\n\t\t\t\t\t\t\t\t\t\t\t\t\t\t\t<img decoding=\"async\" width=\"1024\" height=\"669\" src=\"https:\/\/ldcellulose.com\/wp-content\/uploads\/2024\/11\/shot-of-a-young-man-cleaning-a-surface-with-a-child-at-home-1024x669.jpg\" class=\"attachment-large size-large wp-image-3632\" alt=\"Toma de un joven limpiando una superficie con un ni\u00f1o en casa\" srcset=\"https:\/\/ldcellulose.com\/wp-content\/uploads\/2024\/11\/shot-of-a-young-man-cleaning-a-surface-with-a-child-at-home-1024x669.jpg 1024w, https:\/\/ldcellulose.com\/wp-content\/uploads\/2024\/11\/shot-of-a-young-man-cleaning-a-surface-with-a-child-at-home-300x196.jpg 300w, https:\/\/ldcellulose.com\/wp-content\/uploads\/2024\/11\/shot-of-a-young-man-cleaning-a-surface-with-a-child-at-home-768x502.jpg 768w, https:\/\/ldcellulose.com\/wp-content\/uploads\/2024\/11\/shot-of-a-young-man-cleaning-a-surface-with-a-child-at-home-1536x1003.jpg 1536w, https:\/\/ldcellulose.com\/wp-content\/uploads\/2024\/11\/shot-of-a-young-man-cleaning-a-surface-with-a-child-at-home.jpg 2000w\" sizes=\"(max-width: 1024px) 100vw, 1024px\" \/>\t\t\t\t\t\t\t\t\t\t\t\t\t\t\t<\/div>\n\t\t\t\t<\/div>\n\t\t\t\t<div class=\"elementor-element elementor-element-215a932 elementor-widget elementor-widget-heading\" data-id=\"215a932\" data-element_type=\"widget\" data-settings=\"{&quot;ekit_we_effect_on&quot;:&quot;none&quot;}\" data-widget_type=\"heading.default\">\n\t\t\t\t<div class=\"elementor-widget-container\">\n\t\t\t\t\t<h5 class=\"elementor-heading-title elementor-size-default\">Limpieza del hogar<\/h5>\t\t\t\t<\/div>\n\t\t\t\t<\/div>\n\t\t\t\t<div class=\"elementor-element elementor-element-2636c26 elementor-widget elementor-widget-text-editor\" data-id=\"2636c26\" data-element_type=\"widget\" data-settings=\"{&quot;ekit_we_effect_on&quot;:&quot;none&quot;}\" data-widget_type=\"text-editor.default\">\n\t\t\t\t<div class=\"elementor-widget-container\">\n\t\t\t\t\t\t\t\t\tLANDU es un fabricante l\u00edder de HPMC para detergente de cuidado del hogar. Nuestros productos de alta calidad pueden trabajar en:\n\n\t\t\t\t\t\t\t\t<\/div>\n\t\t\t\t<\/div>\n\t\t\t\t<div class=\"elementor-element elementor-element-f633f1e elementor-widget elementor-widget-button\" data-id=\"f633f1e\" data-element_type=\"widget\" data-settings=\"{&quot;ekit_we_effect_on&quot;:&quot;none&quot;}\" data-widget_type=\"button.default\">\n\t\t\t\t<div class=\"elementor-widget-container\">\n\t\t\t\t\t\t\t\t\t<div class=\"elementor-button-wrapper\">\n\t\t\t\t\t<a class=\"elementor-button elementor-button-link elementor-size-sm elementor-animation-grow\" href=\"https:\/\/ldcellulose.com\/es_es\/hpmc-para-la-limpieza-a-domicilio\/\">\n\t\t\t\t\t\t<span class=\"elementor-button-content-wrapper\">\n\t\t\t\t\t\t<span class=\"elementor-button-icon\">\n\t\t\t\t<i aria-hidden=\"true\" class=\"fas fa-plus\"><\/i>\t\t\t<\/span>\n\t\t\t\t\t\t\t\t<\/span>\n\t\t\t\t\t<\/a>\n\t\t\t\t<\/div>\n\t\t\t\t\t\t\t\t<\/div>\n\t\t\t\t<\/div>\n\t\t\t\t\t<\/div>\n\t\t<\/div>\n\t\t\t\t<div class=\"elementor-column elementor-col-33 elementor-inner-column elementor-element elementor-element-aaae96f\" data-id=\"aaae96f\" data-element_type=\"column\" data-settings=\"{&quot;background_background&quot;:&quot;gradient&quot;}\">\n\t\t\t<div class=\"elementor-widget-wrap elementor-element-populated\">\n\t\t\t\t\t\t<div class=\"elementor-element elementor-element-dd28690 elementor-widget elementor-widget-image\" data-id=\"dd28690\" data-element_type=\"widget\" data-settings=\"{&quot;ekit_we_effect_on&quot;:&quot;none&quot;}\" data-widget_type=\"image.default\">\n\t\t\t\t<div class=\"elementor-widget-container\">\n\t\t\t\t\t\t\t\t\t\t\t\t\t\t\t<img decoding=\"async\" width=\"1024\" height=\"682\" src=\"https:\/\/ldcellulose.com\/wp-content\/uploads\/2024\/11\/satisfied-young-caucasian-woman-cares-of-her-beauty-applies-lotion-cream-on-face-1024x682.jpg\" class=\"attachment-large size-large wp-image-3633\" alt=\"Joven cauc\u00e1sica satisfecha cuida de su belleza, se aplica crema en la cara\" srcset=\"https:\/\/ldcellulose.com\/wp-content\/uploads\/2024\/11\/satisfied-young-caucasian-woman-cares-of-her-beauty-applies-lotion-cream-on-face-1024x682.jpg 1024w, https:\/\/ldcellulose.com\/wp-content\/uploads\/2024\/11\/satisfied-young-caucasian-woman-cares-of-her-beauty-applies-lotion-cream-on-face-300x200.jpg 300w, https:\/\/ldcellulose.com\/wp-content\/uploads\/2024\/11\/satisfied-young-caucasian-woman-cares-of-her-beauty-applies-lotion-cream-on-face-768x512.jpg 768w, https:\/\/ldcellulose.com\/wp-content\/uploads\/2024\/11\/satisfied-young-caucasian-woman-cares-of-her-beauty-applies-lotion-cream-on-face-1536x1024.jpg 1536w, https:\/\/ldcellulose.com\/wp-content\/uploads\/2024\/11\/satisfied-young-caucasian-woman-cares-of-her-beauty-applies-lotion-cream-on-face.jpg 2000w\" sizes=\"(max-width: 1024px) 100vw, 1024px\" \/>\t\t\t\t\t\t\t\t\t\t\t\t\t\t\t<\/div>\n\t\t\t\t<\/div>\n\t\t\t\t<div class=\"elementor-element elementor-element-3832249 elementor-widget elementor-widget-heading\" data-id=\"3832249\" data-element_type=\"widget\" data-settings=\"{&quot;ekit_we_effect_on&quot;:&quot;none&quot;}\" data-widget_type=\"heading.default\">\n\t\t\t\t<div class=\"elementor-widget-container\">\n\t\t\t\t\t<h5 class=\"elementor-heading-title elementor-size-default\">Soluciones para el cuidado personal\n<\/h5>\t\t\t\t<\/div>\n\t\t\t\t<\/div>\n\t\t\t\t<div class=\"elementor-element elementor-element-b78cfca elementor-widget elementor-widget-text-editor\" data-id=\"b78cfca\" data-element_type=\"widget\" data-settings=\"{&quot;ekit_we_effect_on&quot;:&quot;none&quot;}\" data-widget_type=\"text-editor.default\">\n\t\t\t\t<div class=\"elementor-widget-container\">\n\t\t\t\t\t\t\t\t\tDesarrollar productos innovadores y eficaces para el cuidado del cabello y la piel con ingredientes sostenibles que mantengan un alto nivel de calidad.\t\t\t\t\t\t\t\t<\/div>\n\t\t\t\t<\/div>\n\t\t\t\t<div class=\"elementor-element elementor-element-2f2b114 elementor-widget elementor-widget-button\" data-id=\"2f2b114\" data-element_type=\"widget\" data-settings=\"{&quot;ekit_we_effect_on&quot;:&quot;none&quot;}\" data-widget_type=\"button.default\">\n\t\t\t\t<div class=\"elementor-widget-container\">\n\t\t\t\t\t\t\t\t\t<div class=\"elementor-button-wrapper\">\n\t\t\t\t\t<a class=\"elementor-button elementor-button-link elementor-size-sm elementor-animation-grow\" href=\"https:\/\/ldcellulose.com\/es_es\/hpmc-para-soluciones-de-cuidado-personal\/\">\n\t\t\t\t\t\t<span class=\"elementor-button-content-wrapper\">\n\t\t\t\t\t\t<span class=\"elementor-button-icon\">\n\t\t\t\t<i aria-hidden=\"true\" class=\"fas fa-plus\"><\/i>\t\t\t<\/span>\n\t\t\t\t\t\t\t\t<\/span>\n\t\t\t\t\t<\/a>\n\t\t\t\t<\/div>\n\t\t\t\t\t\t\t\t<\/div>\n\t\t\t\t<\/div>\n\t\t\t\t\t<\/div>\n\t\t<\/div>\n\t\t\t\t<div class=\"elementor-column elementor-col-33 elementor-inner-column elementor-element elementor-element-48d421a\" data-id=\"48d421a\" data-element_type=\"column\" data-settings=\"{&quot;background_background&quot;:&quot;classic&quot;}\">\n\t\t\t<div class=\"elementor-widget-wrap elementor-element-populated\">\n\t\t\t\t\t\t<div class=\"elementor-element elementor-element-3e434ab elementor-widget elementor-widget-heading\" data-id=\"3e434ab\" data-element_type=\"widget\" data-settings=\"{&quot;ekit_we_effect_on&quot;:&quot;none&quot;}\" data-widget_type=\"heading.default\">\n\t\t\t\t<div class=\"elementor-widget-container\">\n\t\t\t\t\t<h5 class=\"elementor-heading-title elementor-size-default\">Tambi\u00e9n puede solicitarnos muestras gratuitas.\n<\/h5>\t\t\t\t<\/div>\n\t\t\t\t<\/div>\n\t\t\t\t<div class=\"elementor-element elementor-element-d363e54 elementor-align-center elementor-widget elementor-widget-button\" data-id=\"d363e54\" data-element_type=\"widget\" data-settings=\"{&quot;ekit_we_effect_on&quot;:&quot;none&quot;}\" data-widget_type=\"button.default\">\n\t\t\t\t<div class=\"elementor-widget-container\">\n\t\t\t\t\t\t\t\t\t<div class=\"elementor-button-wrapper\">\n\t\t\t\t\t<a class=\"elementor-button elementor-button-link elementor-size-sm\" href=\"#elementor-action%3Aaction%3Dpopup%3Aopen%26settings%3DeyJpZCI6IjM2MDEiLCJ0b2dnbGUiOmZhbHNlfQ%3D%3D\">\n\t\t\t\t\t\t<span class=\"elementor-button-content-wrapper\">\n\t\t\t\t\t\t\t\t\t<span class=\"elementor-button-text\">P\u00f3ngase en contacto con nosotros<\/span>\n\t\t\t\t\t<\/span>\n\t\t\t\t\t<\/a>\n\t\t\t\t<\/div>\n\t\t\t\t\t\t\t\t<\/div>\n\t\t\t\t<\/div>\n\t\t\t\t\t<\/div>\n\t\t<\/div>\n\t\t\t\t\t<\/div>\n\t\t<\/section>\n\t\t\t\t\t<\/div>\n\t\t<\/div>\n\t\t\t\t\t<\/div>\n\t\t<\/section>\n\t\t\t\t<\/div>","protected":false},"excerpt":{"rendered":"<p>Mercy Law Professional Singer Lorem ipsum dolor sit amet, consectetur adipisicing elit, sed do eiusmod tempor incididunt ut labore et dolore magna aliqua. Ut enim ad minim veniam, quis nostrud exercitation ullamco laboris nisi ut aliquip ex ea commodo consequat. Duis aute irure dolor in reprehenderit. Concierto en directo - Nueva York, 2020 Comprar entradas Biograf\u00eda ...<\/p>\n<p class=\"read-more\"> <a class=\"\" href=\"https:\/\/websitedemos.net\/musician-02\/\"> <span class=\"screen-reader-text\">Inicio<\/span> Leer M\u00e1s \"<\/a><\/p>","protected":false},"author":1,"featured_media":0,"parent":2222,"menu_order":0,"comment_status":"closed","ping_status":"closed","template":"","meta":{"site-sidebar-layout":"no-sidebar","site-content-layout":"page-builder","ast-site-content-layout":"","site-content-style":"default","site-sidebar-style":"default","ast-global-header-display":"","ast-banner-title-visibility":"","ast-main-header-display":"","ast-hfb-above-header-display":"","ast-hfb-below-header-display":"","ast-hfb-mobile-header-display":"","site-post-title":"disabled","ast-breadcrumbs-content":"disabled","ast-featured-img":"disabled","footer-sml-layout":"","theme-transparent-header-meta":"enabled","adv-header-id-meta":"","stick-header-meta":"","header-above-stick-meta":"","header-main-stick-meta":"","header-below-stick-meta":"","astra-migrate-meta-layouts":"default","ast-page-background-enabled":"default","ast-page-background-meta":{"desktop":{"background-color":"var(--ast-global-color-4)","background-image":"","background-repeat":"repeat","background-position":"center center","background-size":"auto","background-attachment":"scroll","background-type":"","background-media":"","overlay-type":"","overlay-color":"","overlay-opacity":"","overlay-gradient":""},"tablet":{"background-color":"","background-image":"","background-repeat":"repeat","background-position":"center center","background-size":"auto","background-attachment":"scroll","background-type":"","background-media":"","overlay-type":"","overlay-color":"","overlay-opacity":"","overlay-gradient":""},"mobile":{"background-color":"","background-image":"","background-repeat":"repeat","background-position":"center center","background-size":"auto","background-attachment":"scroll","background-type":"","background-media":"","overlay-type":"","overlay-color":"","overlay-opacity":"","overlay-gradient":""}},"ast-content-background-meta":{"desktop":{"background-color":"var(--ast-global-color-5)","background-image":"","background-repeat":"repeat","background-position":"center center","background-size":"auto","background-attachment":"scroll","background-type":"","background-media":"","overlay-type":"","overlay-color":"","overlay-opacity":"","overlay-gradient":""},"tablet":{"background-color":"var(--ast-global-color-5)","background-image":"","background-repeat":"repeat","background-position":"center center","background-size":"auto","background-attachment":"scroll","background-type":"","background-media":"","overlay-type":"","overlay-color":"","overlay-opacity":"","overlay-gradient":""},"mobile":{"background-color":"var(--ast-global-color-5)","background-image":"","background-repeat":"repeat","background-position":"center center","background-size":"auto","background-attachment":"scroll","background-type":"","background-media":"","overlay-type":"","overlay-color":"","overlay-opacity":"","overlay-gradient":""}},"footnotes":""},"class_list":["post-2228","page","type-page","status-publish","hentry"],"_links":{"self":[{"href":"https:\/\/ldcellulose.com\/es_es\/wp-json\/wp\/v2\/pages\/2228","targetHints":{"allow":["GET"]}}],"collection":[{"href":"https:\/\/ldcellulose.com\/es_es\/wp-json\/wp\/v2\/pages"}],"about":[{"href":"https:\/\/ldcellulose.com\/es_es\/wp-json\/wp\/v2\/types\/page"}],"author":[{"embeddable":true,"href":"https:\/\/ldcellulose.com\/es_es\/wp-json\/wp\/v2\/users\/1"}],"replies":[{"embeddable":true,"href":"https:\/\/ldcellulose.com\/es_es\/wp-json\/wp\/v2\/comments?post=2228"}],"version-history":[{"count":9,"href":"https:\/\/ldcellulose.com\/es_es\/wp-json\/wp\/v2\/pages\/2228\/revisions"}],"predecessor-version":[{"id":6093,"href":"https:\/\/ldcellulose.com\/es_es\/wp-json\/wp\/v2\/pages\/2228\/revisions\/6093"}],"up":[{"embeddable":true,"href":"https:\/\/ldcellulose.com\/es_es\/wp-json\/wp\/v2\/pages\/2222"}],"wp:attachment":[{"href":"https:\/\/ldcellulose.com\/es_es\/wp-json\/wp\/v2\/media?parent=2228"}],"curies":[{"name":"wp","href":"https:\/\/api.w.org\/{rel}","templated":true}]}}